{"id":5782,"date":"2025-01-03T00:11:49","date_gmt":"2025-01-02T21:11:49","guid":{"rendered":"https:\/\/b10textile.com\/?page_id=5782"},"modified":"2025-01-22T11:02:59","modified_gmt":"2025-01-22T08:02:59","slug":"cevre-politikasi","status":"publish","type":"page","link":"https:\/\/b10textile.com\/ru\/environmental-policy\/","title":{"rendered":"\u042d\u043a\u043e\u043b\u043e\u0433\u0438\u0447\u0435\u0441\u043a\u0430\u044f \u043f\u043e\u043b\u0438\u0442\u0438\u043a\u0430"},"content":{"rendered":"<div data-elementor-type=\"wp-post\" data-elementor-id=\"5782\" class=\"elementor elementor-5782\" data-elementor-post-type=\"page\">\n\t\t\t\t\n\t\t<section class=\"elementor-section elementor-top-section elementor-element elementor-element-7078986 elementor-section-height-min-height elementor-section-boxed elementor-section-height-default elementor-section-items-middle\" data-id=\"7078986\" data-element_type=\"section\" data-settings=\"{&quot;background_background&quot;:&quot;classic&quot;,&quot;tmea_shape_divider_top&quot;:&quot;none&quot;,&quot;tmea_shape_divider_bottom&quot;:&quot;none&quot;}\">\n\t\t\t\t\t\t\t<div class=\"elementor-background-overlay\"><\/div>\n\t\t\t\t\t\t\t<div class=\"elementor-container elementor-column-gap-default\">\n\t\t\t\t\t<div class=\"elementor-column elementor-col-100 elementor-top-column elementor-element elementor-element-5c701a8\" data-id=\"5c701a8\" data-element_type=\"column\">\n\t\t\t<div class=\"elementor-widget-wrap elementor-element-populated\">\n\t\t\t\t\t\t<div class=\"elementor-element elementor-element-ff139fa elementor-widget elementor-widget-heading\" data-id=\"ff139fa\" data-element_type=\"widget\" data-widget_type=\"heading.default\">\n\t\t\t\t\t<h2 class=\"elementor-heading-title elementor-size-default\">\u042d\u043a\u043e\u043b\u043e\u0433\u0438\u0447\u0435\u0441\u043a\u0430\u044f \u043f\u043e\u043b\u0438\u0442\u0438\u043a\u0430<\/h2>\t\t\t\t<\/div>\n\t\t\t\t<div class=\"elementor-element elementor-element-316bde3 elementor-icon-list--layout-inline elementor-align-center elementor-list-item-link-full_width elementor-widget elementor-widget-icon-list\" data-id=\"316bde3\" data-element_type=\"widget\" data-widget_type=\"icon-list.default\">\n\t\t\t\t\t\t\t<ul class=\"elementor-icon-list-items elementor-inline-items\">\n\t\t\t\t\t\t\t<li class=\"elementor-icon-list-item elementor-inline-item\">\n\t\t\t\t\t\t\t\t\t\t\t<a href=\"https:\/\/b10textile.com\/ru\/\">\n\n\t\t\t\t\t\t\t\t\t\t\t<span class=\"elementor-icon-list-text\">\u0413\u043b\u0430\u0432\u043d\u0430\u044f \u0421\u0442\u0440\u0430\u043d\u0438\u0446\u0430<\/span>\n\t\t\t\t\t\t\t\t\t\t\t<\/a>\n\t\t\t\t\t\t\t\t\t<\/li>\n\t\t\t\t\t\t\t\t<li class=\"elementor-icon-list-item elementor-inline-item\">\n\t\t\t\t\t\t\t\t\t\t\t<a href=\"https:\/\/b10textile.com\/ru\/environmental-policy\/\">\n\n\t\t\t\t\t\t\t\t\t\t\t\t<span class=\"elementor-icon-list-icon\">\n\t\t\t\t\t\t\t<svg aria-hidden=\"true\" class=\"e-font-icon-svg e-fas-angle-right\" viewbox=\"0 0 256 512\" xmlns=\"http:\/\/www.w3.org\/2000\/svg\"><path d=\"M224.3 273l-136 136c-9.4 9.4-24.6 9.4-33.9 0l-22.6-22.6c-9.4-9.4-9.4-24.6 0-33.9l96.4-96.4-96.4-96.4c-9.4-9.4-9.4-24.6 0-33.9L54.3 103c9.4-9.4 24.6-9.4 33.9 0l136 136c9.5 9.4 9.5 24.6.1 34z\"><\/path><\/svg>\t\t\t\t\t\t<\/span>\n\t\t\t\t\t\t\t\t\t\t<span class=\"elementor-icon-list-text\">\u042d\u043a\u043e\u043b\u043e\u0433\u0438\u0447\u0435\u0441\u043a\u0430\u044f \u043f\u043e\u043b\u0438\u0442\u0438\u043a\u0430<\/span>\n\t\t\t\t\t\t\t\t\t\t\t<\/a>\n\t\t\t\t\t\t\t\t\t<\/li>\n\t\t\t\t\t\t<\/ul>\n\t\t\t\t\t\t<\/div>\n\t\t\t\t\t<\/div>\n\t\t<\/div>\n\t\t\t\t\t<\/div>\n\t\t<\/section>\n\t\t\t\t<section class=\"elementor-section elementor-top-section elementor-element elementor-element-9694d56 elementor-section-boxed elementor-section-height-default elementor-section-height-default\" data-id=\"9694d56\" data-element_type=\"section\" data-settings=\"{&quot;tmea_shape_divider_top&quot;:&quot;none&quot;,&quot;tmea_shape_divider_bottom&quot;:&quot;none&quot;}\">\n\t\t\t\t\t\t<div class=\"elementor-container elementor-column-gap-default\">\n\t\t\t\t\t<div class=\"elementor-column elementor-col-100 elementor-top-column elementor-element elementor-element-9928729\" data-id=\"9928729\" data-element_type=\"column\" data-settings=\"{&quot;background_background&quot;:&quot;classic&quot;}\">\n\t\t\t<div class=\"elementor-widget-wrap elementor-element-populated\">\n\t\t\t\t\t\t<div class=\"elementor-element elementor-element-d2eba1b elementor-widget elementor-widget-text-editor\" data-id=\"d2eba1b\" data-element_type=\"widget\" data-widget_type=\"text-editor.default\">\n\t\t\t\t\t\t\t\t\t<p style=\"text-align: center;\"><strong>\u041110 \u0442\u0435\u043a\u0441\u0442\u0438\u043b\u044c<\/strong> \u041c\u044b \u043f\u0440\u043e\u0432\u043e\u0434\u0438\u043c \u043a\u043e\u043c\u043f\u043b\u0435\u043a\u0441\u043d\u0443\u044e \u044d\u043a\u043e\u043b\u043e\u0433\u0438\u0447\u0435\u0441\u043a\u0443\u044e \u043f\u043e\u043b\u0438\u0442\u0438\u043a\u0443, \u0447\u0442\u043e\u0431\u044b \u0437\u0430\u0449\u0438\u0442\u0438\u0442\u044c \u043f\u0440\u0438\u0440\u043e\u0434\u0443 \u0438 \u043e\u0441\u0442\u0430\u0432\u0438\u0442\u044c \u0431\u0443\u0434\u0443\u0449\u0438\u043c \u043f\u043e\u043a\u043e\u043b\u0435\u043d\u0438\u044f\u043c \u0431\u043e\u043b\u0435\u0435 \u0447\u0438\u0441\u0442\u0443\u044e \u043e\u043a\u0440\u0443\u0436\u0430\u044e\u0449\u0443\u044e \u0441\u0440\u0435\u0434\u0443. \u041c\u044b \u0434\u0435\u0439\u0441\u0442\u0432\u0443\u0435\u043c \u0432 \u0441\u043e\u043e\u0442\u0432\u0435\u0442\u0441\u0442\u0432\u0438\u0438 \u0441 \u043f\u0440\u0438\u043d\u0446\u0438\u043f\u0430\u043c\u0438 \u0443\u0441\u0442\u043e\u0439\u0447\u0438\u0432\u043e\u0433\u043e \u0440\u0430\u0437\u0432\u0438\u0442\u0438\u044f, \u0447\u0442\u043e\u0431\u044b \u043c\u0438\u043d\u0438\u043c\u0438\u0437\u0438\u0440\u043e\u0432\u0430\u0442\u044c \u0432\u043e\u0437\u0434\u0435\u0439\u0441\u0442\u0432\u0438\u0435 \u043d\u0430 \u043e\u043a\u0440\u0443\u0436\u0430\u044e\u0449\u0443\u044e \u0441\u0440\u0435\u0434\u0443 \u0432\u043e \u0432\u0441\u0435\u0445 \u043f\u0440\u043e\u0446\u0435\u0441\u0441\u0430\u0445 \u043f\u0440\u043e\u0438\u0437\u0432\u043e\u0434\u0441\u0442\u0432\u0430 \u0438 \u043f\u043e\u0441\u0442\u0430\u0432\u043e\u043a. \u0412\u043e\u0442 \u043e\u0441\u043d\u043e\u0432\u043d\u044b\u0435 \u043f\u0440\u0438\u043d\u0446\u0438\u043f\u044b \u043d\u0430\u0448\u0435\u0439 \u044d\u043a\u043e\u043b\u043e\u0433\u0438\u0447\u0435\u0441\u043a\u043e\u0439 \u043f\u043e\u043b\u0438\u0442\u0438\u043a\u0438:<\/p>\t\t\t\t\t\t\t\t<\/div>\n\t\t\t\t\t<\/div>\n\t\t<\/div>\n\t\t\t\t\t<\/div>\n\t\t<\/section>\n\t\t<div class=\"elementor-element elementor-element-29d6f70 e-flex e-con-boxed e-con e-parent\" data-id=\"29d6f70\" data-element_type=\"container\" data-settings=\"{&quot;tmea_shape_divider_top&quot;:&quot;none&quot;,&quot;tmea_shape_divider_bottom&quot;:&quot;none&quot;}\">\n\t\t\t\t\t<div class=\"e-con-inner\">\n\t\t<div class=\"elementor-element elementor-element-77353e4 e-con-full e-flex e-con e-child\" data-id=\"77353e4\" data-element_type=\"container\" data-settings=\"{&quot;tmea_shape_divider_top&quot;:&quot;none&quot;,&quot;tmea_shape_divider_bottom&quot;:&quot;none&quot;}\">\n\t\t\t\t<div class=\"elementor-element elementor-element-62486a7 elementor-widget elementor-widget-bim-texticon\" data-id=\"62486a7\" data-element_type=\"widget\" data-widget_type=\"bim-texticon.default\">\n\t\t\t\t<div class=\"elementor-widget-container\">\n\t\t\t\t\t\t\t\r\n\t\t<div class=\"box-with-icon feature-2\">\r\n\r\n\t\t  <i class=\"bim-icon fa fa fa-bitbucket\"><\/i>\r\n\r\n\t\t  \t\t  <div class=\"cont\">\r\n\t\t  <h3 class=\"icon-title\">\u0423\u043f\u0440\u0430\u0432\u043b\u0435\u043d\u0438\u0435 \u043e\u0442\u0445\u043e\u0434\u0430\u043c\u0438: <\/h3>\r\n\t\t  \t\t  \r\n\t\t  \t\t  <p class=\"box-sub-title icon-subtitle\">\u041c\u044b \u0442\u0449\u0430\u0442\u0435\u043b\u044c\u043d\u043e \u0440\u0430\u0431\u043e\u0442\u0430\u0435\u043c \u043d\u0430\u0434 \u0442\u0435\u043c, \u0447\u0442\u043e\u0431\u044b \u0441\u0432\u0435\u0441\u0442\u0438 \u043a \u043c\u0438\u043d\u0438\u043c\u0443\u043c\u0443 \u043a\u043e\u043b\u0438\u0447\u0435\u0441\u0442\u0432\u043e \u043e\u0442\u0445\u043e\u0434\u043e\u0432 \u0438 \u0443\u0432\u0435\u043b\u0438\u0447\u0438\u0442\u044c \u043a\u043e\u043b\u0438\u0447\u0435\u0441\u0442\u0432\u043e \u043f\u0435\u0440\u0435\u0440\u0430\u0431\u043e\u0442\u043e\u043a \u0432 \u043d\u0430\u0448\u0438\u0445 \u043f\u0440\u043e\u0438\u0437\u0432\u043e\u0434\u0441\u0442\u0432\u0435\u043d\u043d\u044b\u0445 \u043f\u0440\u043e\u0446\u0435\u0441\u0441\u0430\u0445. \u0411\u043b\u0430\u0433\u043e\u0434\u0430\u0440\u044f \u043d\u0430\u0448\u0435\u0439 \u043f\u043e\u043b\u0438\u0442\u0438\u043a\u0435 \u0443\u043f\u0440\u0430\u0432\u043b\u0435\u043d\u0438\u044f \u043e\u0442\u0445\u043e\u0434\u0430\u043c\u0438, \u0442\u0435\u043a\u0441\u0442\u0438\u043b\u044c\u043d\u044b\u0435 \u043e\u0442\u0445\u043e\u0434\u044b \u0438 \u043f\u043e\u0431\u043e\u0447\u043d\u044b\u0435 \u043f\u0440\u043e\u0434\u0443\u043a\u0442\u044b \u043f\u0435\u0440\u0435\u0440\u0430\u0431\u0430\u0442\u044b\u0432\u0430\u044e\u0442\u0441\u044f \u0438 \u0438\u0441\u043f\u043e\u043b\u044c\u0437\u0443\u044e\u0442\u0441\u044f \u0431\u0435\u0437 \u0432\u0440\u0435\u0434\u0430 \u0434\u043b\u044f \u043e\u043a\u0440\u0443\u0436\u0430\u044e\u0449\u0435\u0439 \u0441\u0440\u0435\u0434\u044b.<\/p>\r\n\t\t            \r\n\t\t  <div class=\"icon-text\"><\/div>\r\n\t\t  \r\n\t\t  \r\n\t\t  \r\n\t\t  \t\t  \r\n          \r\n\t  <\/div><!--\/.cont-->\r\n\t  <\/div><!--\/.box-icon-->\r\n\t\t\r\n\t\t\r\n\t\t\r\n\t\t\t\t\t<\/div>\n\t\t\t\t<\/div>\n\t\t\t\t<\/div>\n\t\t<div class=\"elementor-element elementor-element-67f510e e-con-full e-flex e-con e-child\" data-id=\"67f510e\" data-element_type=\"container\" data-settings=\"{&quot;tmea_shape_divider_top&quot;:&quot;none&quot;,&quot;tmea_shape_divider_bottom&quot;:&quot;none&quot;}\">\n\t\t\t\t<div class=\"elementor-element elementor-element-57078ea elementor-widget elementor-widget-bim-texticon\" data-id=\"57078ea\" data-element_type=\"widget\" data-widget_type=\"bim-texticon.default\">\n\t\t\t\t<div class=\"elementor-widget-container\">\n\t\t\t\t\t\t\t\r\n\t\t<div class=\"box-with-icon feature-2\">\r\n\r\n\t\t  <i class=\"bim-icon fa fa fa-recycle\"><\/i>\r\n\r\n\t\t  \t\t  <div class=\"cont\">\r\n\t\t  <h3 class=\"icon-title\">\u0423\u0441\u0442\u043e\u0439\u0447\u0438\u0432\u0430\u044f \u0446\u0435\u043f\u043e\u0447\u043a\u0430 \u043f\u043e\u0441\u0442\u0430\u0432\u043e\u043a:<\/h3>\r\n\t\t  \t\t  \r\n\t\t  \t\t  <p class=\"box-sub-title icon-subtitle\">\u041c\u044b \u043f\u0440\u0438\u0434\u0430\u0435\u043c \u0431\u043e\u043b\u044c\u0448\u043e\u0435 \u0437\u043d\u0430\u0447\u0435\u043d\u0438\u0435 \u0443\u0441\u0442\u043e\u0439\u0447\u0438\u0432\u043e\u0441\u0442\u0438 \u043d\u0430\u0448\u0435\u0439 \u0446\u0435\u043f\u043e\u0447\u043a\u0438 \u043f\u043e\u0441\u0442\u0430\u0432\u043e\u043a, \u0430 \u0442\u0430\u043a\u0436\u0435 \u044d\u043a\u043e\u043b\u043e\u0433\u0438\u0447\u0435\u0441\u043a\u0438 \u0431\u0435\u0437\u043e\u043f\u0430\u0441\u043d\u044b\u043c \u043f\u0440\u043e\u0438\u0437\u0432\u043e\u0434\u0441\u0442\u0432\u0435\u043d\u043d\u044b\u043c \u043f\u0440\u043e\u0446\u0435\u0441\u0441\u0430\u043c. \u041c\u044b \u0441\u043e\u0437\u0434\u0430\u0435\u043c \u044d\u043a\u043e\u043b\u043e\u0433\u0438\u0447\u0435\u0441\u043a\u0438 \u043e\u0442\u0432\u0435\u0442\u0441\u0442\u0432\u0435\u043d\u043d\u0443\u044e \u043c\u043e\u0434\u0435\u043b\u044c \u043f\u0440\u043e\u0438\u0437\u0432\u043e\u0434\u0441\u0442\u0432\u0430, \u0441\u043e\u0442\u0440\u0443\u0434\u043d\u0438\u0447\u0430\u044f \u0441 \u043f\u043e\u0441\u0442\u0430\u0432\u0449\u0438\u043a\u0430\u043c\u0438, \u043a\u043e\u0442\u043e\u0440\u044b\u0435 \u0438\u0441\u043f\u043e\u043b\u044c\u0437\u0443\u044e\u0442 \u044d\u043a\u043e\u043b\u043e\u0433\u0438\u0447\u0435\u0441\u043a\u0438 \u0447\u0438\u0441\u0442\u044b\u0435 \u043c\u0430\u0442\u0435\u0440\u0438\u0430\u043b\u044b \u0438 \u043f\u0440\u043e\u0438\u0437\u0432\u043e\u0434\u044f\u0442 \u043f\u0440\u043e\u0434\u0443\u043a\u0446\u0438\u044e \u0441 \u043f\u043e\u043c\u043e\u0449\u044c\u044e \u043c\u0435\u0442\u043e\u0434\u043e\u0432, \u043d\u0435 \u043d\u0430\u043d\u043e\u0441\u044f\u0449\u0438\u0445 \u0432\u0440\u0435\u0434\u0430 \u043e\u043a\u0440\u0443\u0436\u0430\u044e\u0449\u0435\u0439 \u0441\u0440\u0435\u0434\u0435.<\/p>\r\n\t\t            \r\n\t\t  <div class=\"icon-text\"><\/div>\r\n\t\t  \r\n\t\t  \r\n\t\t  \r\n\t\t  \t\t  \r\n          \r\n\t  <\/div><!--\/.cont-->\r\n\t  <\/div><!--\/.box-icon-->\r\n\t\t\r\n\t\t\r\n\t\t\r\n\t\t\t\t\t<\/div>\n\t\t\t\t<\/div>\n\t\t\t\t<\/div>\n\t\t<div class=\"elementor-element elementor-element-11c0444 e-con-full e-flex e-con e-child\" data-id=\"11c0444\" data-element_type=\"container\" data-settings=\"{&quot;tmea_shape_divider_top&quot;:&quot;none&quot;,&quot;tmea_shape_divider_bottom&quot;:&quot;none&quot;}\">\n\t\t\t\t<div class=\"elementor-element elementor-element-984475b elementor-widget elementor-widget-bim-texticon\" data-id=\"984475b\" data-element_type=\"widget\" data-widget_type=\"bim-texticon.default\">\n\t\t\t\t<div class=\"elementor-widget-container\">\n\t\t\t\t\t\t\t\r\n\t\t<div class=\"box-with-icon feature-2\">\r\n\r\n\t\t  <i class=\"bim-icon fa fa fa-arrow-circle-right\"><\/i>\r\n\r\n\t\t  \t\t  <div class=\"cont\">\r\n\t\t  <h3 class=\"icon-title\">\u042d\u043a\u043e\u043b\u043e\u0433\u0438\u0447\u0435\u0441\u043a\u043e\u0435 \u043e\u0431\u0440\u0430\u0437\u043e\u0432\u0430\u043d\u0438\u0435:<\/h3>\r\n\t\t  \t\t  \r\n\t\t  \t\t  <p class=\"box-sub-title icon-subtitle\">\u041c\u044b \u0440\u0435\u0433\u0443\u043b\u044f\u0440\u043d\u043e \u043f\u0440\u043e\u0432\u043e\u0434\u0438\u043c \u0442\u0440\u0435\u043d\u0438\u043d\u0433\u0438, \u0447\u0442\u043e\u0431\u044b \u043f\u043e\u0432\u044b\u0441\u0438\u0442\u044c \u044d\u043a\u043e\u043b\u043e\u0433\u0438\u0447\u0435\u0441\u043a\u0443\u044e \u0433\u0440\u0430\u043c\u043e\u0442\u043d\u043e\u0441\u0442\u044c \u043d\u0430\u0448\u0438\u0445 \u0441\u043e\u0442\u0440\u0443\u0434\u043d\u0438\u043a\u043e\u0432. \u041c\u044b \u043f\u043e\u0432\u044b\u0448\u0430\u0435\u043c \u043e\u0441\u0432\u0435\u0434\u043e\u043c\u043b\u0435\u043d\u043d\u043e\u0441\u0442\u044c \u0432\u0441\u0435\u0445 \u043d\u0430\u0448\u0438\u0445 \u0441\u043e\u0442\u0440\u0443\u0434\u043d\u0438\u043a\u043e\u0432 \u043e \u0442\u043e\u043c, \u0447\u0442\u043e \u043e\u043d\u0438 \u0434\u043e\u043b\u0436\u043d\u044b \u043f\u0440\u0438\u043c\u0435\u043d\u044f\u0442\u044c \u044d\u043a\u043e\u043b\u043e\u0433\u0438\u0447\u0435\u0441\u043a\u0438 \u0447\u0443\u0432\u0441\u0442\u0432\u0438\u0442\u0435\u043b\u044c\u043d\u044b\u0435 \u043c\u0435\u0442\u043e\u0434\u044b \u0432\u0435\u0434\u0435\u043d\u0438\u044f \u0431\u0438\u0437\u043d\u0435\u0441\u0430 \u0438 \u0434\u0435\u0439\u0441\u0442\u0432\u043e\u0432\u0430\u0442\u044c \u0432 \u0441\u043e\u043e\u0442\u0432\u0435\u0442\u0441\u0442\u0432\u0438\u0438 \u0441 \u043d\u0430\u0448\u0435\u0439 \u044d\u043a\u043e\u043b\u043e\u0433\u0438\u0447\u0435\u0441\u043a\u043e\u0439 \u043f\u043e\u043b\u0438\u0442\u0438\u043a\u043e\u0439.<\/p>\r\n\t\t            \r\n\t\t  <div class=\"icon-text\"><\/div>\r\n\t\t  \r\n\t\t  \r\n\t\t  \r\n\t\t  \t\t  \r\n          \r\n\t  <\/div><!--\/.cont-->\r\n\t  <\/div><!--\/.box-icon-->\r\n\t\t\r\n\t\t\r\n\t\t\r\n\t\t\t\t\t<\/div>\n\t\t\t\t<\/div>\n\t\t\t\t<\/div>\n\t\t\t\t\t<\/div>\n\t\t\t\t<\/div>\n\t\t\t\t<\/div>","protected":false},"excerpt":{"rendered":"<p>\u00c7evre Politikas\u0131 Anasayfa \u00c7evre Politikas\u0131 B10 Tekstil olarak, do\u011fay\u0131 korumak ve gelecek nesillere daha temiz bir \u00e7evre b\u0131rakmak i\u00e7in kapsaml\u0131 bir \u00e7evre politikas\u0131 uyguluyoruz. T\u00fcm \u00fcretim ve tedarik s\u00fcre\u00e7lerimizde \u00e7evresel etkileri minimize etmek amac\u0131yla s\u00fcrd\u00fcr\u00fclebilirlik esaslar\u0131na g\u00f6re hareket ediyoruz. \u0130\u015fte \u00e7evre politikam\u0131z\u0131n temel ilkeleri: At\u0131k Y\u00f6netimi: \u00dcretim s\u00fcre\u00e7lerimizde at\u0131k miktar\u0131n\u0131 minimuma indirmek ve geri d\u00f6n\u00fc\u015f\u00fcm\u00fc art\u0131rmak i\u00e7in titizlikle \u00e7al\u0131\u015f\u0131yoruz. At\u0131k &hellip;<\/p>","protected":false},"author":1,"featured_media":0,"parent":0,"menu_order":0,"comment_status":"closed","ping_status":"closed","template":"blank-builder.php","meta":{"footnotes":""},"class_list":["post-5782","page","type-page","status-publish","hentry"],"_links":{"self":[{"href":"https:\/\/b10textile.com\/ru\/wp-json\/wp\/v2\/pages\/5782","targetHints":{"allow":["GET"]}}],"collection":[{"href":"https:\/\/b10textile.com\/ru\/wp-json\/wp\/v2\/pages"}],"about":[{"href":"https:\/\/b10textile.com\/ru\/wp-json\/wp\/v2\/types\/page"}],"author":[{"embeddable":true,"href":"https:\/\/b10textile.com\/ru\/wp-json\/wp\/v2\/users\/1"}],"replies":[{"embeddable":true,"href":"https:\/\/b10textile.com\/ru\/wp-json\/wp\/v2\/comments?post=5782"}],"version-history":[{"count":0,"href":"https:\/\/b10textile.com\/ru\/wp-json\/wp\/v2\/pages\/5782\/revisions"}],"wp:attachment":[{"href":"https:\/\/b10textile.com\/ru\/wp-json\/wp\/v2\/media?parent=5782"}],"curies":[{"name":"wp","href":"https:\/\/api.w.org\/{rel}","templated":true}]}}